{"id":3155,"date":"2026-01-07T10:52:19","date_gmt":"2026-01-07T09:52:19","guid":{"rendered":"https:\/\/bufalo.es\/keep-your-sneakers-spotless-without-a-washing-machine\/"},"modified":"2026-01-08T10:26:41","modified_gmt":"2026-01-08T09:26:41","slug":"mantem-os-teus-tenis-ou-tenis-impecaveis-sem-precisares-da-maquina-de-lavar","status":"publish","type":"page","link":"https:\/\/bufalo.es\/pt-pt\/mantem-os-teus-tenis-ou-tenis-impecaveis-sem-precisares-da-maquina-de-lavar\/","title":{"rendered":"Mant\u00e9m os teus t\u00e9nis ou t\u00e9nis impec\u00e1veis sem precisares da m\u00e1quina de lavar"},"content":{"rendered":"","protected":false},"excerpt":{"rendered":"","protected":false},"author":1,"featured_media":0,"parent":0,"menu_order":0,"comment_status":"closed","ping_status":"closed","template":"index-1x1.php","meta":{"_acf_changed":false,"footnotes":""},"class_list":["post-3155","page","type-page","status-publish","hentry"],"acf":[],"_links":{"self":[{"href":"https:\/\/bufalo.es\/pt-pt\/wp-json\/wp\/v2\/pages\/3155","targetHints":{"allow":["GET"]}}],"collection":[{"href":"https:\/\/bufalo.es\/pt-pt\/wp-json\/wp\/v2\/pages"}],"about":[{"href":"https:\/\/bufalo.es\/pt-pt\/wp-json\/wp\/v2\/types\/page"}],"author":[{"embeddable":true,"href":"https:\/\/bufalo.es\/pt-pt\/wp-json\/wp\/v2\/users\/1"}],"replies":[{"embeddable":true,"href":"https:\/\/bufalo.es\/pt-pt\/wp-json\/wp\/v2\/comments?post=3155"}],"version-history":[{"count":3,"href":"https:\/\/bufalo.es\/pt-pt\/wp-json\/wp\/v2\/pages\/3155\/revisions"}],"predecessor-version":[{"id":3339,"href":"https:\/\/bufalo.es\/pt-pt\/wp-json\/wp\/v2\/pages\/3155\/revisions\/3339"}],"wp:attachment":[{"href":"https:\/\/bufalo.es\/pt-pt\/wp-json\/wp\/v2\/media?parent=3155"}],"curies":[{"name":"wp","href":"https:\/\/api.w.org\/{rel}","templated":true}]}}