{"id":3130,"date":"2026-01-07T10:16:06","date_gmt":"2026-01-07T09:16:06","guid":{"rendered":"https:\/\/bufalo.es\/deep-cleaning-how-to-wash-your-sneakers-without-damaging-them\/"},"modified":"2026-01-07T10:46:48","modified_gmt":"2026-01-07T09:46:48","slug":"limpeza-profunda-na-maquina-como-lavar-os-teus-tenis-ou-tenis-sem-as-danificar","status":"publish","type":"page","link":"https:\/\/bufalo.es\/pt-pt\/limpeza-profunda-na-maquina-como-lavar-os-teus-tenis-ou-tenis-sem-as-danificar\/","title":{"rendered":"Limpeza profunda na m\u00e1quina: como lavar os teus t\u00e9nis ou t\u00e9nis sem as danificar?"},"content":{"rendered":"","protected":false},"excerpt":{"rendered":"","protected":false},"author":1,"featured_media":0,"parent":0,"menu_order":0,"comment_status":"closed","ping_status":"closed","template":"index-1x1.php","meta":{"_acf_changed":false,"footnotes":""},"class_list":["post-3130","page","type-page","status-publish","hentry"],"acf":[],"_links":{"self":[{"href":"https:\/\/bufalo.es\/pt-pt\/wp-json\/wp\/v2\/pages\/3130","targetHints":{"allow":["GET"]}}],"collection":[{"href":"https:\/\/bufalo.es\/pt-pt\/wp-json\/wp\/v2\/pages"}],"about":[{"href":"https:\/\/bufalo.es\/pt-pt\/wp-json\/wp\/v2\/types\/page"}],"author":[{"embeddable":true,"href":"https:\/\/bufalo.es\/pt-pt\/wp-json\/wp\/v2\/users\/1"}],"replies":[{"embeddable":true,"href":"https:\/\/bufalo.es\/pt-pt\/wp-json\/wp\/v2\/comments?post=3130"}],"version-history":[{"count":3,"href":"https:\/\/bufalo.es\/pt-pt\/wp-json\/wp\/v2\/pages\/3130\/revisions"}],"predecessor-version":[{"id":3136,"href":"https:\/\/bufalo.es\/pt-pt\/wp-json\/wp\/v2\/pages\/3130\/revisions\/3136"}],"wp:attachment":[{"href":"https:\/\/bufalo.es\/pt-pt\/wp-json\/wp\/v2\/media?parent=3130"}],"curies":[{"name":"wp","href":"https:\/\/api.w.org\/{rel}","templated":true}]}}