{"id":1446,"date":"2024-04-24T10:46:37","date_gmt":"2024-04-24T08:46:37","guid":{"rendered":"https:\/\/relaunch.bufalo.es\/impressum\/"},"modified":"2025-11-14T09:58:43","modified_gmt":"2025-11-14T08:58:43","slug":"informacoes-juridicas","status":"publish","type":"page","link":"https:\/\/bufalo.es\/pt-pt\/informacoes-juridicas\/","title":{"rendered":"Informa\u00e7\u00f5es jur\u00eddicas"},"content":{"rendered":"<h2>Aviso legal \/ Informa\u00e7\u00e3o de acordo com o n.\u00ba 5 DDG<\/h2>\n<p>&nbsp;<\/p>\n<p><strong>Empresa<\/strong><\/p>\n<p>Werner &amp; Mertz GmbH<\/p>\n<p>&nbsp;<\/p>\n<p><strong>Endere\u00e7o<\/strong><\/p>\n<p>Rheinallee 96<br \/>\n55120 Mainz<\/p>\n<p>&nbsp;<\/p>\n<p><strong>Representado pelo administradores:<\/strong><\/p>\n<p>Reinhard Schneider, Ralph Wenner, Jan Hieke, Dr. Edgar Endlein<\/p>\n<p>&nbsp;<\/p>\n<p><strong>Contacto<\/strong><\/p>\n<p>B\u00fafalo Werner &amp; Mertz, S.A.<br \/>\nTelefone: +34 93 485 39 61<br \/>\nE-mail: bufalo@werner-mertz.com<\/p>\n<p>&nbsp;<\/p>\n<p><strong>Inscri\u00e7\u00e3o no registo comercial<\/strong><\/p>\n<p>Tribunal de registo: Amtsgericht Mainz<br \/>\nN\u00famero de registo: HRB 74<\/p>\n<p>&nbsp;<\/p>\n<p><strong>N\u00famero de identifica\u00e7\u00e3o fiscal conforme o n.\u00ba 27 da lei do IVA<\/strong><\/p>\n<p>DE149064223<\/p>\n<p>&nbsp;<\/p>\n<p><strong>Respons\u00e1vel pelo conte\u00fado editorial<\/strong><\/p>\n<p>Giulietta Loy<\/p>\n<p>&nbsp;<\/p>\n<p><strong>Technical Support Website<\/strong><\/p>\n<p>Knecht GmbH<br \/>\n<a href=\"https:\/\/knecht-online.de\/\">www.knecht-online.de<\/a><\/p>\n<p>&nbsp;<\/p>\n<p><strong>Ponto de contacto central ao abrigo da Lei dos Servi\u00e7os Digitais (DSA)<\/strong><\/p>\n<p>Pode contactar o nosso ponto de contacto central para utilizadores e autoridades, em conformidade com os artigos 11\u00ba e 12\u00ba da DSA, da seguinte forma<br \/>\nE-mail: bufalo@werner-mertz.com<br \/>\nTelefone: +49(6131)964-01<br \/>\nAs l\u00ednguas dispon\u00edveis para contacto s\u00e3o Alem\u00e3o, Ingl\u00eas.<\/p>\n<p>&nbsp;<\/p>\n<p><strong>Mecanismo de resolu\u00e7\u00e3o de lit\u00edgios da UE<\/strong><\/p>\n<p>N\u00e3o estamos dispostos ou obrigados a participar em processos de resolu\u00e7\u00e3o de lit\u00edgios perante uma comiss\u00e3o de arbitragem de consumidores.<\/p>\n<p>&nbsp;<\/p>\n<p><strong>Obje\u00e7\u00e3o a mensagens eletr\u00f3nicas publicit\u00e1rias<\/strong><\/p>\n<p>Opomo-nos \u00e0 utiliza\u00e7\u00e3o dos dados de contacto publicados no \u00e2mbito da obriga\u00e7\u00e3o de impress\u00e3o para o envio de publicidade e material informativo n\u00e3o solicitados. Os operadores deste s\u00edtio web reservam-se expressamente o direito de intentar uma a\u00e7\u00e3o judicial, em caso de envio n\u00e3o solicitado de informa\u00e7\u00f5es publicit\u00e1rias, tais como mensagens de correio eletr\u00f3nico n\u00e3o solicitadas.<\/p>\n","protected":false},"excerpt":{"rendered":"<p>Aviso legal \/ Informa\u00e7\u00e3o de acordo com o n.\u00ba 5 DDG &nbsp; Empresa Werner &amp; Mertz GmbH &nbsp; Endere\u00e7o Rheinallee 96 55120 Mainz &nbsp; Representado pelo administradores: Reinhard Schneider, Ralph Wenner, Jan Hieke, Dr. Edgar Endlein &nbsp; Contacto B\u00fafalo Werner &amp; Mertz, S.A. Telefone: +34 93 485 39 61 E-mail: bufalo@werner-mertz.com &nbsp; Inscri\u00e7\u00e3o no registo [&hellip;]<\/p>\n","protected":false},"author":1,"featured_media":0,"parent":0,"menu_order":0,"comment_status":"closed","ping_status":"closed","template":"","meta":{"_acf_changed":false,"footnotes":""},"class_list":["post-1446","page","type-page","status-publish","hentry"],"acf":[],"_links":{"self":[{"href":"https:\/\/bufalo.es\/pt-pt\/wp-json\/wp\/v2\/pages\/1446","targetHints":{"allow":["GET"]}}],"collection":[{"href":"https:\/\/bufalo.es\/pt-pt\/wp-json\/wp\/v2\/pages"}],"about":[{"href":"https:\/\/bufalo.es\/pt-pt\/wp-json\/wp\/v2\/types\/page"}],"author":[{"embeddable":true,"href":"https:\/\/bufalo.es\/pt-pt\/wp-json\/wp\/v2\/users\/1"}],"replies":[{"embeddable":true,"href":"https:\/\/bufalo.es\/pt-pt\/wp-json\/wp\/v2\/comments?post=1446"}],"version-history":[{"count":9,"href":"https:\/\/bufalo.es\/pt-pt\/wp-json\/wp\/v2\/pages\/1446\/revisions"}],"predecessor-version":[{"id":2737,"href":"https:\/\/bufalo.es\/pt-pt\/wp-json\/wp\/v2\/pages\/1446\/revisions\/2737"}],"wp:attachment":[{"href":"https:\/\/bufalo.es\/pt-pt\/wp-json\/wp\/v2\/media?parent=1446"}],"curies":[{"name":"wp","href":"https:\/\/api.w.org\/{rel}","templated":true}]}}